{"id":563,"date":"2022-04-07T14:05:48","date_gmt":"2022-04-07T06:05:48","guid":{"rendered":"https:\/\/www.scfo.ch\/?page_id=563"},"modified":"2022-04-07T14:06:52","modified_gmt":"2022-04-07T06:06:52","slug":"classement-family-fiduciaire-de-chine","status":"publish","type":"page","link":"https:\/\/www.scfo.ch\/index.php\/fr\/classement-family-fiduciaire-de-chine\/","title":{"rendered":"Classement-Family Fiduciaire de Chine"},"content":{"rendered":"\n<p>Par actif sous gestion \u2013 Ann\u00e9e 2021<\/p>\n\n\n\n<figure class=\"wp-block-table is-style-stripes\"><table class=\"has-text-color\" style=\"color:#800000\"><tbody><tr><td class=\"has-text-align-center\" data-align=\"center\"><strong>Classement<\/strong><\/td><td class=\"has-text-align-center\" data-align=\"center\"><strong>Nom<\/strong><\/td><td class=\"has-text-align-center\" data-align=\"center\"><strong>Actifs Sous Gestion<br>(En Cent Millions RMB)<\/strong><\/td><td class=\"has-text-align-center\" data-align=\"center\"><strong>Quartier G\u00e9n\u00e9ral<\/strong><\/td><\/tr><tr><td class=\"has-text-align-center\" data-align=\"center\">1<\/td><td class=\"has-text-align-center\" data-align=\"center\">Fiducie Banque de construction de Chine <\/td><td class=\"has-text-align-center\" data-align=\"center\">700<\/td><td class=\"has-text-align-center\" data-align=\"center\">Hefei<\/td><\/tr><tr><td class=\"has-text-align-center\" data-align=\"center\">2<\/td><td class=\"has-text-align-center\" data-align=\"center\">Ping An Fiduciaire<\/td><td class=\"has-text-align-center\" data-align=\"center\">500<\/td><td class=\"has-text-align-center\" data-align=\"center\">Shenzhen<\/td><\/tr><tr><td class=\"has-text-align-center\" data-align=\"center\">3<\/td><td class=\"has-text-align-center\" data-align=\"center\">CITIC Fiduciaire<\/td><td class=\"has-text-align-center\" data-align=\"center\">490<\/td><td class=\"has-text-align-center\" data-align=\"center\">P\u00e9kin<\/td><\/tr><tr><td class=\"has-text-align-center\" data-align=\"center\">4<\/td><td class=\"has-text-align-center\" data-align=\"center\">Fiducie de L\u2019\u00e9conomie \u00c9trang\u00e8re et du Commerce de Chine<\/td><td class=\"has-text-align-center\" data-align=\"center\">450<\/td><td class=\"has-text-align-center\" data-align=\"center\">P\u00e9kin<\/td><\/tr><tr><td class=\"has-text-align-center\" data-align=\"center\">5<\/td><td class=\"has-text-align-center\" data-align=\"center\">Fiducie Internationale du Shandong<\/td><td class=\"has-text-align-center\" data-align=\"center\">220<\/td><td class=\"has-text-align-center\" data-align=\"center\">Jinan<\/td><\/tr><tr><td class=\"has-text-align-center\" data-align=\"center\">6<\/td><td class=\"has-text-align-center\" data-align=\"center\">Everbright Xinglong Fiduciaire<\/td><td class=\"has-text-align-center\" data-align=\"center\">200<\/td><td class=\"has-text-align-center\" data-align=\"center\">Lanzhou<\/td><\/tr><tr><td class=\"has-text-align-center\" data-align=\"center\">7<\/td><td class=\"has-text-align-center\" data-align=\"center\">Fiducie Internationale Zhong Rong<\/td><td class=\"has-text-align-center\" data-align=\"center\">160<\/td><td class=\"has-text-align-center\" data-align=\"center\">Harbin<\/td><\/tr><tr><td class=\"has-text-align-center\" data-align=\"center\">8<\/td><td class=\"has-text-align-center\" data-align=\"center\">Fiducie Internationale de Shanghai<\/td><td class=\"has-text-align-center\" data-align=\"center\">160<\/td><td class=\"has-text-align-center\" data-align=\"center\">Shangha\u00ef<\/td><\/tr><tr><td class=\"has-text-align-center\" data-align=\"center\">9<\/td><td class=\"has-text-align-center\" data-align=\"center\">Fiducie Industriel Internationale de Chine<\/td><td class=\"has-text-align-center\" data-align=\"center\">120<\/td><td class=\"has-text-align-center\" data-align=\"center\">Fuzhou<\/td><\/tr><tr><td class=\"has-text-align-center\" data-align=\"center\">10<\/td><td class=\"has-text-align-center\" data-align=\"center\">Hwabao Fiduciaire<\/td><td class=\"has-text-align-center\" data-align=\"center\">110<\/td><td class=\"has-text-align-center\" data-align=\"center\">Shangha\u00ef<\/td><\/tr><\/tbody><\/table><figcaption>Donn\u00e9es jusqu\u2019en D\u00e9cembre 2021<\/figcaption><\/figure>\n\n\n\n<div class=\"wp-block-cover alignfull\"><span aria-hidden=\"true\" class=\"has-neve-link-color-background-color has-background-dim-100 wp-block-cover__gradient-background has-background-dim\"><\/span><div class=\"wp-block-cover__inner-container is-layout-flow wp-block-cover-is-layout-flow\">\n<div class=\"wp-block-buttons is-layout-flex wp-block-buttons-is-layout-flex\">\n<div class=\"wp-block-button aligncenter is-style-secondary\"><a class=\"wp-block-button__link has-background\" style=\"background-color:#800000\">SCFO<\/a><\/div>\n<\/div>\n\n\n\n<h2 class=\"has-text-align-center wp-block-heading\"><strong>Suisse-Chinoise Financi\u00e8re Organisation<\/strong><\/h2>\n\n\n\n<div class=\"wp-block-buttons is-content-justification-center is-layout-flex wp-container-core-buttons-is-layout-16018d1d wp-block-buttons-is-layout-flex\">\n<div class=\"wp-block-button is-style-secondary\"><a class=\"wp-block-button__link\" href=\"https:\/\/www.scfo.ch\/index.php\/fr\/accueil\/nous-connaitre\/\">NOUS CONNA\u00ceTRE<\/a><\/div>\n\n\n\n<div class=\"wp-block-button is-style-secondary\"><a class=\"wp-block-button__link\" href=\"https:\/\/www.scfo.ch\/index.php\/fr\/accueil\/classement\/\">CLASSEMENT<\/a><\/div>\n\n\n\n<div class=\"wp-block-button is-style-secondary\"><a class=\"wp-block-button__link\" href=\"https:\/\/www.scfo.ch\/index.php\/fr\/accueil\/top-10-des-multiple-famille-bureau-en-chine-2021\/\">ACTUALIT\u00c9S<\/a><\/div>\n\n\n\n<div class=\"wp-block-button is-style-secondary\"><a class=\"wp-block-button__link\" href=\"https:\/\/www.scfo.ch\/index.php\/fr\/accueil\/contactez-nous\/\">CONTACT<\/a><\/div>\n<\/div>\n<\/div><\/div>\n","protected":false},"excerpt":{"rendered":"<p>Par actif sous gestion \u2013 Ann\u00e9e 2021 Classement Nom Acti&hellip;&nbsp;<a href=\"https:\/\/www.scfo.ch\/index.php\/fr\/classement-family-fiduciaire-de-chine\/\" rel=\"bookmark\">\u9605\u8bfb\u66f4\u591a &raquo;<span class=\"screen-reader-text\">Classement-Family Fiduciaire de Chine<\/span><\/a><\/p>\n","protected":false},"author":1,"featured_media":0,"parent":0,"menu_order":0,"comment_status":"closed","ping_status":"closed","template":"","meta":{"neve_meta_sidebar":"","neve_meta_container":"","neve_meta_enable_content_width":"","neve_meta_content_width":0,"neve_meta_title_alignment":"","neve_meta_author_avatar":"","neve_post_elements_order":"","neve_meta_disable_header":"","neve_meta_disable_footer":"","neve_meta_disable_title":"","footnotes":""},"class_list":["post-563","page","type-page","status-publish","hentry"],"_links":{"self":[{"href":"https:\/\/www.scfo.ch\/index.php\/wp-json\/wp\/v2\/pages\/563","targetHints":{"allow":["GET"]}}],"collection":[{"href":"https:\/\/www.scfo.ch\/index.php\/wp-json\/wp\/v2\/pages"}],"about":[{"href":"https:\/\/www.scfo.ch\/index.php\/wp-json\/wp\/v2\/types\/page"}],"author":[{"embeddable":true,"href":"https:\/\/www.scfo.ch\/index.php\/wp-json\/wp\/v2\/users\/1"}],"replies":[{"embeddable":true,"href":"https:\/\/www.scfo.ch\/index.php\/wp-json\/wp\/v2\/comments?post=563"}],"version-history":[{"count":1,"href":"https:\/\/www.scfo.ch\/index.php\/wp-json\/wp\/v2\/pages\/563\/revisions"}],"predecessor-version":[{"id":564,"href":"https:\/\/www.scfo.ch\/index.php\/wp-json\/wp\/v2\/pages\/563\/revisions\/564"}],"wp:attachment":[{"href":"https:\/\/www.scfo.ch\/index.php\/wp-json\/wp\/v2\/media?parent=563"}],"curies":[{"name":"wp","href":"https:\/\/api.w.org\/{rel}","templated":true}]}}